{"id":3211,"date":"2023-08-29T13:15:56","date_gmt":"2023-08-29T11:15:56","guid":{"rendered":"https:\/\/skawinski.com\/?page_id=3211"},"modified":"2023-08-29T13:45:55","modified_gmt":"2023-08-29T11:45:55","slug":"jak-zapisac-dziecko","status":"publish","type":"page","link":"https:\/\/skawinski.com\/index.php\/jak-zapisac-dziecko\/","title":{"rendered":"<strong>Jak zapisa\u0107 dziecko ON-LINE na zaj\u0119cia taneczne w Przedszkolu?<\/strong>"},"content":{"rendered":"\n<pre class=\"wp-block-verse\">Jak zapisa\u0107 dziecko ON-LINE na zaj\u0119cia taneczne w Przedszkolu?<\/pre>\n\n\n\n<figure class=\"is-layout-flex wp-block-gallery-1 wp-block-gallery has-nested-images columns-default is-cropped\">\n<figure class=\"wp-block-image size-full\"><img decoding=\"async\" loading=\"lazy\" width=\"1000\" height=\"370\" data-id=\"3225\"  src=\"https:\/\/skawinski.com\/wp-content\/uploads\/2023\/08\/N-O-W-E-K-U-R-S-Y.png\" alt=\"\" class=\"wp-image-3225\" srcset=\"https:\/\/skawinski.com\/wp-content\/uploads\/2023\/08\/N-O-W-E-K-U-R-S-Y.png 1000w, https:\/\/skawinski.com\/wp-content\/uploads\/2023\/08\/N-O-W-E-K-U-R-S-Y-300x111.png 300w, https:\/\/skawinski.com\/wp-content\/uploads\/2023\/08\/N-O-W-E-K-U-R-S-Y-768x284.png 768w, https:\/\/skawinski.com\/wp-content\/uploads\/2023\/08\/N-O-W-E-K-U-R-S-Y-600x222.png 600w\" sizes=\"(max-width: 1000px) 100vw, 1000px\" \/><\/figure>\n<\/figure>\n\n\n\n<pre class=\"wp-block-verse\">1. W przegl\u0105darce internetowej wpisz <strong>WWW.SKAWINSKI.COM<\/strong>\n\n2. W menu na stronie g\u0142\u00f3wnej wybierz <strong>SMYK<\/strong> \/zapisy na zaj\u0119cia taneczne w przedszkolu\/\n\n3. W menu kalendarza wybierz <strong>MIEJSCE<\/strong>, a nast\u0119pnie Twoje przedszkole\n\n4. Najed\u017a kursorem na <strong>STRZA\u0141K\u0118<\/strong>  i przewin, a\u017c pojawi\u0105 si\u0119 zaj\u0119cia <\/pre>\n\n\n\n<figure class=\"is-layout-flex wp-block-gallery-3 wp-block-gallery has-nested-images columns-default is-cropped\">\n<figure class=\"wp-block-image size-large\"><img decoding=\"async\" loading=\"lazy\" width=\"1024\" height=\"548\" data-id=\"3218\"  src=\"https:\/\/skawinski.com\/wp-content\/uploads\/2023\/08\/Screenshot_1-1024x548.png\" alt=\"\" class=\"wp-image-3218\" srcset=\"https:\/\/skawinski.com\/wp-content\/uploads\/2023\/08\/Screenshot_1-1024x548.png 1024w, https:\/\/skawinski.com\/wp-content\/uploads\/2023\/08\/Screenshot_1-300x161.png 300w, https:\/\/skawinski.com\/wp-content\/uploads\/2023\/08\/Screenshot_1-768x411.png 768w, https:\/\/skawinski.com\/wp-content\/uploads\/2023\/08\/Screenshot_1-600x321.png 600w, https:\/\/skawinski.com\/wp-content\/uploads\/2023\/08\/Screenshot_1.png 1113w\" sizes=\"(max-width: 1024px) 100vw, 1024px\" \/><\/figure>\n<\/figure>\n\n\n\n<pre class=\"wp-block-verse\">5. Wybierz zaj\u0119cia \/np. GR.1 \u2013 TANIEC (5-6lat) \n<\/pre>\n\n\n\n<figure class=\"is-layout-flex wp-block-gallery-5 wp-block-gallery has-nested-images columns-default is-cropped\">\n<figure class=\"wp-block-image size-large\"><img decoding=\"async\" loading=\"lazy\" width=\"1024\" height=\"554\" data-id=\"3234\"  src=\"https:\/\/skawinski.com\/wp-content\/uploads\/2023\/08\/Screenshot_2-1-1024x554.png\" alt=\"\" class=\"wp-image-3234\" srcset=\"https:\/\/skawinski.com\/wp-content\/uploads\/2023\/08\/Screenshot_2-1-1024x554.png 1024w, https:\/\/skawinski.com\/wp-content\/uploads\/2023\/08\/Screenshot_2-1-300x162.png 300w, https:\/\/skawinski.com\/wp-content\/uploads\/2023\/08\/Screenshot_2-1-768x416.png 768w, https:\/\/skawinski.com\/wp-content\/uploads\/2023\/08\/Screenshot_2-1-600x325.png 600w, https:\/\/skawinski.com\/wp-content\/uploads\/2023\/08\/Screenshot_2-1.png 1120w\" sizes=\"(max-width: 1024px) 100vw, 1024px\" \/><\/figure>\n<\/figure>\n\n\n\n<pre class=\"wp-block-verse\">6. Wype\u0142nij wszystkie dane i wybierz ZAPISZ SI\u0118.\n\n\n7. Gdy otrzymamy Twoje zg\u0142oszenie wy\u015blemy do Ciebie potwierdzenie z linkiem \n    zapraszaj\u0105cym do zainstalowania aplikacji Activ Now. Dzi\u0119ki aplikacji b\u0119dziesz m\u00f3g\u0142\/a \n    sprawdza\u0107 m.in.: ilo\u015b\u0107 zaj\u0119\u0107, dokonywa\u0107 szybko p\u0142atno\u015bci on-line \n  \n \n8. Warunkiem przyj\u0119cia dziecka na zaj\u0119cia taneczne w przedszkolu jest akceptacja regulaminu \n    znajduj\u0105ca si\u0119 w formularzu  zg\u0142oszenia. Prosimy o zapoznanie si\u0119 z nim \/<a href=\"https:\/\/skawinski.com\/index.php\/regulamin-2\/\"><strong><mark style=\"background-color:rgba(0, 0, 0, 0)\" class=\"has-inline-color has-vivid-green-cyan-color\">link - REGULAMIN<\/mark><\/strong><\/a>\/ \n    oraz dokonywanie p\u0142atno\u015bci w terminie.\n\n\nPodczas ca\u0142ego roku:\n\u2022\tpracujemy nad poprawn\u0105 postaw\u0105 cia\u0142a.\n\u2022\tuczymy wsp\u00f3\u0142pracy w parach i w grupie.\n\u2022\trozwijamy samodyscyplin\u0119\n\u2022\tpoprawiamy zdolno\u015bci kondycyjne (si\u0142a, szybko\u015b\u0107, wytrzyma\u0142o\u015b\u0107)\n\u2022\tuczymy zasad dobrego wychowania i dobrych manier.\n\u2022\tuczymy, \u017ce taniec to wspania\u0142a zabawa i spos\u00f3b na sp\u0119dzanie aktywnie wolnego czasu.\n<\/pre>\n","protected":false},"excerpt":{"rendered":"<p>Jak zapisa\u0107 dziecko ON-LINE na zaj\u0119cia taneczne w Przedszkolu? 1. W przegl\u0105darce internetowej wpisz WWW.SKAWINSKI.COM 2. W menu na stronie g\u0142\u00f3wnej wybierz SMYK \/zapisy na zaj\u0119cia taneczne w przedszkolu\/ 3. W menu kalendarza wybierz MIEJSCE, a nast\u0119pnie Twoje przedszkole 4. Najed\u017a kursorem na STRZA\u0141K\u0118 i przewin, a\u017c pojawi\u0105 si\u0119 zaj\u0119cia 5. Wybierz zaj\u0119cia \/np. GR.1 [&hellip;]<\/p>\n","protected":false},"author":1,"featured_media":3208,"parent":0,"menu_order":0,"comment_status":"closed","ping_status":"closed","template":"","meta":[],"_links":{"self":[{"href":"https:\/\/skawinski.com\/index.php\/wp-json\/wp\/v2\/pages\/3211"}],"collection":[{"href":"https:\/\/skawinski.com\/index.php\/wp-json\/wp\/v2\/pages"}],"about":[{"href":"https:\/\/skawinski.com\/index.php\/wp-json\/wp\/v2\/types\/page"}],"author":[{"embeddable":true,"href":"https:\/\/skawinski.com\/index.php\/wp-json\/wp\/v2\/users\/1"}],"replies":[{"embeddable":true,"href":"https:\/\/skawinski.com\/index.php\/wp-json\/wp\/v2\/comments?post=3211"}],"version-history":[{"count":18,"href":"https:\/\/skawinski.com\/index.php\/wp-json\/wp\/v2\/pages\/3211\/revisions"}],"predecessor-version":[{"id":3247,"href":"https:\/\/skawinski.com\/index.php\/wp-json\/wp\/v2\/pages\/3211\/revisions\/3247"}],"wp:featuredmedia":[{"embeddable":true,"href":"https:\/\/skawinski.com\/index.php\/wp-json\/wp\/v2\/media\/3208"}],"wp:attachment":[{"href":"https:\/\/skawinski.com\/index.php\/wp-json\/wp\/v2\/media?parent=3211"}],"curies":[{"name":"wp","href":"https:\/\/api.w.org\/{rel}","templated":true}]}}