{"id":2637,"date":"2022-08-20T22:44:54","date_gmt":"2022-08-20T20:44:54","guid":{"rendered":"https:\/\/skawinski.com\/?page_id=2637"},"modified":"2023-08-28T19:39:26","modified_gmt":"2023-08-28T17:39:26","slug":"oferta","status":"publish","type":"page","link":"https:\/\/skawinski.com\/index.php\/oferta\/","title":{"rendered":"OFERTA"},"content":{"rendered":"\n<p><strong>        <div class=\"col-md-3 col-sm-6 single-service-bx\">\n            <div class=\"single-service\">\n                <div class=\"service-icon padding0\">\n                                       <div class=\"ser-img\">\n                        <a href=\"https:\/\/skawinski.com\/index.php\/our-services\/lekcje-indywidualne\/\"><img class=\"img-responsive\" src=\"https:\/\/skawinski.com\/wp-content\/uploads\/2023\/08\/SLIDER-NOWE-KURSY-1920\u00d7600-px-700\u00d7500-px.png\" alt=\"Lekcje Indywidualne\" \/>\n                            \n                        <\/a>\n                    <\/div> \n                <\/div>\n                <div class=\"service-title-box\">\n                    <a href=\"https:\/\/skawinski.com\/index.php\/our-services\/lekcje-indywidualne\/\"> <h4 class=\"inner-area-title wow fadeInDown\">Lekcje Indywidualne<\/h4><\/a>\n                    <p class=\"post-text inner-area-text wow fadeInDown\"> \r\n\r\n\r\n\r\n\r\nIle\u017c to razy ogl\u0105daj\u0105c program telewizyjny Taniec z Gwiazdami marzy\u0142o Ci si\u0119 kiedykolwiek                     <\/p>  \n                                            <div class=\"btn5\">  \n                            <a href=\"https:\/\/skawinski.com\/index.php\/our-services\/lekcje-indywidualne\/\"><span><\/span><i class=\"fa fa-angle-double-right\"><\/i> <\/a>\n                        <\/div>\n                                    <\/div>\n            <div class=\"clearfix\"><\/div>\n            <\/div>  \n        <\/div>\n        <!--inner page  -->\n               <div class=\"col-xl-4 col-md-4 col-sm-6 servicesinn\">\n            <div class=\"single-service\">\n                <div class=\"service-icon padding0\">\n                                       <div class=\"ser-img\">\n                        <a href=\"https:\/\/skawinski.com\/index.php\/our-services\/lekcje-indywidualne\/\"><img class=\"img-responsive\" src=\"https:\/\/skawinski.com\/wp-content\/uploads\/2023\/08\/SLIDER-NOWE-KURSY-1920\u00d7600-px-700\u00d7500-px.png\" alt=\"Lekcje Indywidualne\" \/>\n                            <div class=\"ovrly\"><\/div>\n                        <\/a>\n                    <\/div> \n                <\/div>\n                <a href=\"https:\/\/skawinski.com\/index.php\/our-services\/lekcje-indywidualne\/\">\n                    <div class=\"ser-icn\">       \n                        <i class=\"fa fa-street-view\" aria-hidden=\"true\"><\/i>\n                    <\/div>\n                <\/a>\n                <div class=\"service-title-box\">\n                    <a href=\"https:\/\/skawinski.com\/index.php\/our-services\/lekcje-indywidualne\/\"> <h4 class=\"post-title inner-area-title wow fadeInDown\">Lekcje Indywidualne<\/h4><\/a>\n                    <p class=\"post-text inner-area-text wow fadeInDown\"> \r\n\r\n\r\n\r\n\r\nIle\u017c to razy ogl\u0105daj\u0105c program telewizyjny Taniec z Gwiazdami marzy\u0142o Ci si\u0119 kiedykolwiek                     <\/p>  \n                <\/div>\n            <div class=\"clearfix\"><\/div>\n            <\/div>  \n        <\/div>\n        <!--inner page  -->\n                <script>\n                jQuery.noConflict();\n                $(function(){\n                    function singleserviceHeight(){\n                        var ht = 0;\n                        $('#innerpage-box .single-service').each(function(i){\n                            var tHt = $(this).height();\n                            if(ht<tHt){\n                                ht=tHt;\n                            }\n                        });\n                        $('#innerpage-box .single-service').height(ht+'px');\n                    }\n                    singleserviceHeight();\n                });\n                $( window ).resize(function(){\n                    singleserviceHeight();\n                });\n            <\/script>\n        \n\n\n                        <div class=\"col-md-3 col-sm-6 single-service-bx\">\n            <div class=\"single-service\">\n                <div class=\"service-icon padding0\">\n                                       <div class=\"ser-img\">\n                        <a href=\"https:\/\/skawinski.com\/index.php\/our-services\/lekcje-weselne\/\"><img class=\"img-responsive\" src=\"https:\/\/skawinski.com\/wp-content\/uploads\/2022\/08\/Pierwszy-Taniec-Skawinski-Dance-Studio-scaled.jpg\" alt=\"Lekcje Weselne\" \/>\n                            \n                        <\/a>\n                    <\/div> \n                <\/div>\n                <div class=\"service-title-box\">\n                    <a href=\"https:\/\/skawinski.com\/index.php\/our-services\/lekcje-weselne\/\"> <h4 class=\"inner-area-title wow fadeInDown\">Lekcje Weselne<\/h4><\/a>\n                    <p class=\"post-text inner-area-text wow fadeInDown\"> \r\n\r\nNie wiecie jaki wybra\u0107 utw\u00f3r na pierwszy taniec? Nie wiecie jak\u0105 dobra\u0107 choreografi\u0119?\r\nZostawcie                    <\/p>  \n                                            <div class=\"btn5\">  \n                            <a href=\"https:\/\/skawinski.com\/index.php\/our-services\/lekcje-weselne\/\"><span><\/span><i class=\"fa fa-angle-double-right\"><\/i> <\/a>\n                        <\/div>\n                                    <\/div>\n            <div class=\"clearfix\"><\/div>\n            <\/div>  \n        <\/div>\n        <!--inner page  -->\n               <div class=\"col-xl-4 col-md-4 col-sm-6 servicesinn\">\n            <div class=\"single-service\">\n                <div class=\"service-icon padding0\">\n                                       <div class=\"ser-img\">\n                        <a href=\"https:\/\/skawinski.com\/index.php\/our-services\/lekcje-weselne\/\"><img class=\"img-responsive\" src=\"https:\/\/skawinski.com\/wp-content\/uploads\/2022\/08\/Pierwszy-Taniec-Skawinski-Dance-Studio-scaled.jpg\" alt=\"Lekcje Weselne\" \/>\n                            <div class=\"ovrly\"><\/div>\n                        <\/a>\n                    <\/div> \n                <\/div>\n                <a href=\"https:\/\/skawinski.com\/index.php\/our-services\/lekcje-weselne\/\">\n                    <div class=\"ser-icn\">       \n                        <i class=\"fa fa-street-view\" aria-hidden=\"true\"><\/i>\n                    <\/div>\n                <\/a>\n                <div class=\"service-title-box\">\n                    <a href=\"https:\/\/skawinski.com\/index.php\/our-services\/lekcje-weselne\/\"> <h4 class=\"post-title inner-area-title wow fadeInDown\">Lekcje Weselne<\/h4><\/a>\n                    <p class=\"post-text inner-area-text wow fadeInDown\"> \r\n\r\nNie wiecie jaki wybra\u0107 utw\u00f3r na pierwszy taniec? Nie wiecie jak\u0105 dobra\u0107 choreografi\u0119?\r\nZostawcie                    <\/p>  \n                <\/div>\n            <div class=\"clearfix\"><\/div>\n            <\/div>  \n        <\/div>\n        <!--inner page  -->\n                <script>\n                jQuery.noConflict();\n                $(function(){\n                    function singleserviceHeight(){\n                        var ht = 0;\n                        $('#innerpage-box .single-service').each(function(i){\n                            var tHt = $(this).height();\n                            if(ht<tHt){\n                                ht=tHt;\n                            }\n                        });\n                        $('#innerpage-box .single-service').height(ht+'px');\n                    }\n                    singleserviceHeight();\n                });\n                $( window ).resize(function(){\n                    singleserviceHeight();\n                });\n            <\/script>\n        \n\n\n                <\/strong><\/p>\n","protected":false},"excerpt":{"rendered":"","protected":false},"author":1,"featured_media":3188,"parent":0,"menu_order":0,"comment_status":"closed","ping_status":"closed","template":"","meta":[],"_links":{"self":[{"href":"https:\/\/skawinski.com\/index.php\/wp-json\/wp\/v2\/pages\/2637"}],"collection":[{"href":"https:\/\/skawinski.com\/index.php\/wp-json\/wp\/v2\/pages"}],"about":[{"href":"https:\/\/skawinski.com\/index.php\/wp-json\/wp\/v2\/types\/page"}],"author":[{"embeddable":true,"href":"https:\/\/skawinski.com\/index.php\/wp-json\/wp\/v2\/users\/1"}],"replies":[{"embeddable":true,"href":"https:\/\/skawinski.com\/index.php\/wp-json\/wp\/v2\/comments?post=2637"}],"version-history":[{"count":5,"href":"https:\/\/skawinski.com\/index.php\/wp-json\/wp\/v2\/pages\/2637\/revisions"}],"predecessor-version":[{"id":3186,"href":"https:\/\/skawinski.com\/index.php\/wp-json\/wp\/v2\/pages\/2637\/revisions\/3186"}],"wp:featuredmedia":[{"embeddable":true,"href":"https:\/\/skawinski.com\/index.php\/wp-json\/wp\/v2\/media\/3188"}],"wp:attachment":[{"href":"https:\/\/skawinski.com\/index.php\/wp-json\/wp\/v2\/media?parent=2637"}],"curies":[{"name":"wp","href":"https:\/\/api.w.org\/{rel}","templated":true}]}}