{"id":21379,"date":"2025-11-29T19:34:36","date_gmt":"2025-11-29T18:34:36","guid":{"rendered":"https:\/\/skawinski.com\/?page_id=21379"},"modified":"2025-11-29T20:36:00","modified_gmt":"2025-11-29T19:36:00","slug":"party-dance","status":"publish","type":"page","link":"https:\/\/skawinski.com\/index.php\/party-dance\/","title":{"rendered":"PARTY DANCE &#8211; KURS TA\u0143CA U\u017bYTKOWEGO"},"content":{"rendered":"\n<figure class=\"is-layout-flex wp-block-gallery-1 wp-block-gallery has-nested-images columns-default is-cropped\">\n<figure class=\"wp-block-image size-large\"><img decoding=\"async\" loading=\"lazy\" width=\"1024\" height=\"542\" data-id=\"21381\"  src=\"https:\/\/skawinski.com\/wp-content\/uploads\/2025\/11\/Party-Dance-dla-rodzicow-1-1024x542.png\" alt=\"\" class=\"wp-image-21381\" srcset=\"https:\/\/skawinski.com\/wp-content\/uploads\/2025\/11\/Party-Dance-dla-rodzicow-1-1024x542.png 1024w, https:\/\/skawinski.com\/wp-content\/uploads\/2025\/11\/Party-Dance-dla-rodzicow-1-300x159.png 300w, https:\/\/skawinski.com\/wp-content\/uploads\/2025\/11\/Party-Dance-dla-rodzicow-1-768x406.png 768w, https:\/\/skawinski.com\/wp-content\/uploads\/2025\/11\/Party-Dance-dla-rodzicow-1-1536x813.png 1536w, https:\/\/skawinski.com\/wp-content\/uploads\/2025\/11\/Party-Dance-dla-rodzicow-1-600x318.png 600w, https:\/\/skawinski.com\/wp-content\/uploads\/2025\/11\/Party-Dance-dla-rodzicow-1.png 1920w\" sizes=\"(max-width: 1024px) 100vw, 1024px\" \/><\/figure>\n<\/figure>\n\n\n<p>\u00a0<\/p>\n<p>1. Data: 5 grudnia 2025<\/p>\n<p>2. Godz.19:30-21:00 (1,5h)<\/p>\n<p>3. Adres:\u00a0 Przedszkole Lipi, ul. Cynamonowa 6, 51-180 Wroc\u0142aw<\/p>\n<p>4. Prowadz\u0105cy: Micha\u0142 Skawi\u0144ski<\/p>\n<p>5. Cena: 80z\u0142\/os.(1,5h) dla rodzic\u00f3w dzieci ucz\u0119szczaj\u0105cych na zaj\u0119cia\u00a0 taneczne do Micha\u0142a Skawi\u0144skiego<\/p>\n<p>6. Cena: 100z\u0142\/os. (1,5) dla pozosta\u0142ych os\u00f3b doros\u0142ych.<\/p>\n<p>7. Zapisy do 4 grudnia do g.18:00.<\/p>\n<p>8.\u00a0Kontakt: michal@skawinski.com<\/p>\n<p>9. Formularz do zapis\u00f3w oraz regulamin &#8211; <strong><span style=\"color: #3366ff;\"><a style=\"color: #3366ff;\" href=\"https:\/\/docs.google.com\/forms\/d\/e\/1FAIpQLSeQ68XkTrwLMaA0Npbg-2Nee1jrlMm7E-NUZMqxsjmgu0WR2A\/viewform?usp=sharing&amp;ouid=111084735189341749256\">ZAPISZ SI\u0118<\/a>\u00a0<\/span><\/strong><\/p>\n<p>\u00a0<\/p>\n<p>I<strong>.Party Dance &#8211; taniec u\u017cytkow<\/strong>y<\/p>\n<p>znany jest r\u00f3wnie\u017c jako taniec imprezowy. Cieszy si\u0119 niezwyk\u0142\u0105 popularno\u015bci\u0105, zw\u0142aszcza w Europie ze wzgl\u0119du na \u0142atwy do opanowania krok podstawowy oraz proste, cho\u0107 widowiskowe figury. Czerpie inspiracje z figur oraz krok\u00f3w rozmaitych styl\u00f3w i tradycji tanecznych oraz pozwala na swobodne interpretowanie ich w rytm muzyki popularnej.\u00a0<\/p>\n<p><strong>II.<\/strong> <strong>Gdzie go wykorzystasz?<\/strong><\/p>\n<p>Taniec u\u017cytkowy mo\u017cna wykorzysta\u0107 praktycznie na ka\u017cdym parkiecie, na kt\u00f3rej wybrzmiewa muzyka popularna. Nie ma znaczenia, czy to wesele, dom\u00f3wka, impreza w szkole ta\u0144ca czy klub. Jedno jest pewne \u2013 ta\u0144cz\u0105c dobrze u\u017cytkowy, zwr\u00f3cisz na siebie wszystkie oczy na parkiecie.<\/p>\n<p><strong>III. Jak przygotowa\u0107 si\u0119 do zaj\u0119\u0107?<\/strong><\/p>\n<p>Na zaj\u0119cia ubierz komfortowy, sportowy str\u00f3j oraz wygodne buty na przebranie.\u00a0\u00a0<\/p>\n<p>\u00a0<\/p>","protected":false},"excerpt":{"rendered":"<p>\u00a0 1. Data: 5 grudnia 2025 2. Godz.19:30-21:00 (1,5h) 3. Adres:\u00a0 Przedszkole Lipi, ul. Cynamonowa 6, 51-180 Wroc\u0142aw 4. Prowadz\u0105cy: Micha\u0142 Skawi\u0144ski 5. Cena: 80z\u0142\/os.(1,5h) dla rodzic\u00f3w dzieci ucz\u0119szczaj\u0105cych na zaj\u0119cia\u00a0 taneczne do Micha\u0142a Skawi\u0144skiego 6. Cena: 100z\u0142\/os. (1,5) dla pozosta\u0142ych os\u00f3b doros\u0142ych. 7. Zapisy do 4 grudnia do g.18:00. 8.\u00a0Kontakt: michal@skawinski.com 9. Formularz do [&hellip;]<\/p>\n","protected":false},"author":1,"featured_media":21381,"parent":0,"menu_order":0,"comment_status":"closed","ping_status":"closed","template":"","meta":[],"_links":{"self":[{"href":"https:\/\/skawinski.com\/index.php\/wp-json\/wp\/v2\/pages\/21379"}],"collection":[{"href":"https:\/\/skawinski.com\/index.php\/wp-json\/wp\/v2\/pages"}],"about":[{"href":"https:\/\/skawinski.com\/index.php\/wp-json\/wp\/v2\/types\/page"}],"author":[{"embeddable":true,"href":"https:\/\/skawinski.com\/index.php\/wp-json\/wp\/v2\/users\/1"}],"replies":[{"embeddable":true,"href":"https:\/\/skawinski.com\/index.php\/wp-json\/wp\/v2\/comments?post=21379"}],"version-history":[{"count":12,"href":"https:\/\/skawinski.com\/index.php\/wp-json\/wp\/v2\/pages\/21379\/revisions"}],"predecessor-version":[{"id":21398,"href":"https:\/\/skawinski.com\/index.php\/wp-json\/wp\/v2\/pages\/21379\/revisions\/21398"}],"wp:featuredmedia":[{"embeddable":true,"href":"https:\/\/skawinski.com\/index.php\/wp-json\/wp\/v2\/media\/21381"}],"wp:attachment":[{"href":"https:\/\/skawinski.com\/index.php\/wp-json\/wp\/v2\/media?parent=21379"}],"curies":[{"name":"wp","href":"https:\/\/api.w.org\/{rel}","templated":true}]}}