{"id":21239,"date":"2025-08-19T09:57:36","date_gmt":"2025-08-19T07:57:36","guid":{"rendered":"https:\/\/skawinski.com\/?page_id=21239"},"modified":"2025-08-19T10:14:24","modified_gmt":"2025-08-19T08:14:24","slug":"roztanczony-wroclaw","status":"publish","type":"page","link":"https:\/\/skawinski.com\/index.php\/roztanczony-wroclaw\/","title":{"rendered":"ROZTA\u0143CZONY WROC\u0141AW"},"content":{"rendered":"\n<div class=\"wp-block-media-text alignwide is-stacked-on-mobile\" style=\"grid-template-columns:33% auto\"><figure class=\"wp-block-media-text__media\"><img decoding=\"async\" loading=\"lazy\" width=\"768\" height=\"1024\" src=\"http:\/\/skawinski.com\/wp-content\/uploads\/2025\/08\/RW-768x1024.png\" alt=\"\" class=\"wp-image-21240 size-full\" srcset=\"https:\/\/skawinski.com\/wp-content\/uploads\/2025\/08\/RW-768x1024.png 768w, https:\/\/skawinski.com\/wp-content\/uploads\/2025\/08\/RW-225x300.png 225w, https:\/\/skawinski.com\/wp-content\/uploads\/2025\/08\/RW-1152x1536.png 1152w, https:\/\/skawinski.com\/wp-content\/uploads\/2025\/08\/RW-1536x2048.png 1536w, https:\/\/skawinski.com\/wp-content\/uploads\/2025\/08\/RW-600x800.png 600w, https:\/\/skawinski.com\/wp-content\/uploads\/2025\/08\/RW.png 2025w\" sizes=\"(max-width: 768px) 100vw, 768px\" \/><\/figure><div class=\"wp-block-media-text__content\">\n<p>\u201eRozta\u0144czony Wroc\u0142aw\u201d to projekt kulturalno-spo\u0142eczny popularyzuj\u0105cy taniec i aktywny styl \u017cycia w\u015br\u00f3d mieszka\u0144c\u00f3w miasta. W ramach inicjatywy odb\u0119d\u0105 si\u0119 bezp\u0142atne zaj\u0119cia taneczne w Centrach Aktywno\u015bci Lokalnej oraz animacje i pokazy w parkach, skierowane do dzieci, doros\u0142ych, senior\u00f3w i os\u00f3b z niepe\u0142nosprawno\u015bciami. Projekt sprzyja integracji spo\u0142ecznej, przeciwdzia\u0142a wykluczeniu i zach\u0119ca do wsp\u00f3lnego sp\u0119dzania czasu poprzez ruch i muzyk\u0119.<\/p>\n<\/div><\/div>\n","protected":false},"excerpt":{"rendered":"<p>\u201eRozta\u0144czony Wroc\u0142aw\u201d to projekt kulturalno-spo\u0142eczny popularyzuj\u0105cy taniec i aktywny styl \u017cycia w\u015br\u00f3d mieszka\u0144c\u00f3w miasta. W ramach inicjatywy odb\u0119d\u0105 si\u0119 bezp\u0142atne zaj\u0119cia taneczne w Centrach Aktywno\u015bci Lokalnej oraz animacje i pokazy w parkach, skierowane do dzieci, doros\u0142ych, senior\u00f3w i os\u00f3b z niepe\u0142nosprawno\u015bciami. Projekt sprzyja integracji spo\u0142ecznej, przeciwdzia\u0142a wykluczeniu i zach\u0119ca do wsp\u00f3lnego sp\u0119dzania czasu poprzez ruch [&hellip;]<\/p>\n","protected":false},"author":1,"featured_media":21218,"parent":0,"menu_order":0,"comment_status":"closed","ping_status":"closed","template":"","meta":[],"_links":{"self":[{"href":"https:\/\/skawinski.com\/index.php\/wp-json\/wp\/v2\/pages\/21239"}],"collection":[{"href":"https:\/\/skawinski.com\/index.php\/wp-json\/wp\/v2\/pages"}],"about":[{"href":"https:\/\/skawinski.com\/index.php\/wp-json\/wp\/v2\/types\/page"}],"author":[{"embeddable":true,"href":"https:\/\/skawinski.com\/index.php\/wp-json\/wp\/v2\/users\/1"}],"replies":[{"embeddable":true,"href":"https:\/\/skawinski.com\/index.php\/wp-json\/wp\/v2\/comments?post=21239"}],"version-history":[{"count":1,"href":"https:\/\/skawinski.com\/index.php\/wp-json\/wp\/v2\/pages\/21239\/revisions"}],"predecessor-version":[{"id":21241,"href":"https:\/\/skawinski.com\/index.php\/wp-json\/wp\/v2\/pages\/21239\/revisions\/21241"}],"wp:featuredmedia":[{"embeddable":true,"href":"https:\/\/skawinski.com\/index.php\/wp-json\/wp\/v2\/media\/21218"}],"wp:attachment":[{"href":"https:\/\/skawinski.com\/index.php\/wp-json\/wp\/v2\/media?parent=21239"}],"curies":[{"name":"wp","href":"https:\/\/api.w.org\/{rel}","templated":true}]}}