{"id":1896,"date":"2022-08-16T10:04:49","date_gmt":"2022-08-16T08:04:49","guid":{"rendered":"https:\/\/skawinski.com\/?page_id=1896"},"modified":"2025-07-12T18:58:16","modified_gmt":"2025-07-12T16:58:16","slug":"michal-skawinski","status":"publish","type":"page","link":"https:\/\/skawinski.com\/index.php\/michal-skawinski\/","title":{"rendered":"MICHA\u0141 SKAWI\u0143SKI"},"content":{"rendered":"\n<figure class=\"is-layout-flex wp-block-gallery-1 wp-block-gallery alignleft has-nested-images columns-default is-cropped\">\n<figure class=\"wp-block-image size-large is-style-default\"><img decoding=\"async\" loading=\"lazy\" width=\"769\" height=\"1024\" data-id=\"21220\"  src=\"https:\/\/skawinski.com\/wp-content\/uploads\/2025\/07\/Sesja-domowa-23.11.2024-2648-Edytuj-769x1024.jpg\" alt=\"\" class=\"wp-image-21220\" srcset=\"https:\/\/skawinski.com\/wp-content\/uploads\/2025\/07\/Sesja-domowa-23.11.2024-2648-Edytuj-769x1024.jpg 769w, https:\/\/skawinski.com\/wp-content\/uploads\/2025\/07\/Sesja-domowa-23.11.2024-2648-Edytuj-225x300.jpg 225w, https:\/\/skawinski.com\/wp-content\/uploads\/2025\/07\/Sesja-domowa-23.11.2024-2648-Edytuj-768x1023.jpg 768w, https:\/\/skawinski.com\/wp-content\/uploads\/2025\/07\/Sesja-domowa-23.11.2024-2648-Edytuj-1153x1536.jpg 1153w, https:\/\/skawinski.com\/wp-content\/uploads\/2025\/07\/Sesja-domowa-23.11.2024-2648-Edytuj-1537x2048.jpg 1537w, https:\/\/skawinski.com\/wp-content\/uploads\/2025\/07\/Sesja-domowa-23.11.2024-2648-Edytuj-600x799.jpg 600w, https:\/\/skawinski.com\/wp-content\/uploads\/2025\/07\/Sesja-domowa-23.11.2024-2648-Edytuj-scaled.jpg 1922w\" sizes=\"(max-width: 769px) 100vw, 769px\" \/><\/figure>\n<\/figure>\n\n\n\n<p>Micha\u0142 Skawi\u0144ski to uznany trener ta\u0144ca towarzyskiego z Wroc\u0142awia, wielokrotny Mistrz Polski i jedna z najbardziej rozpoznawalnych postaci polskiej sceny tanecznej. Od lat z sukcesem \u0142\u0105czy rol\u0119 szkoleniowca, s\u0119dziego oraz dzia\u0142acza, aktywnie wspieraj\u0105c rozw\u00f3j ta\u0144ca w Polsce.<\/p>\n\n\n\n<p>Jako <strong>s\u0119dzia Polskiego Towarzystwa Tanecznego (PTT)<\/strong>, <strong>Prezes Zarz\u0105du Okr\u0119gu Dolno\u015bl\u0105skiego PTT<\/strong> oraz <strong>cz\u0142onek Zarz\u0105du G\u0142\u00f3wnego Polskiego Towarzystwa Tanecznego<\/strong>, Micha\u0142 ma realny wp\u0142yw na rozw\u00f3j ta\u0144ca sportowego w kraju. Jego zaanga\u017cowanie, profesjonalizm i charyzma sprawiaj\u0105, \u017ce jest nie tylko cenionym instruktorem, ale i liderem \u015brodowiska.<\/p>\n\n\n\n<p>Na parkiecie odnosi\u0142 spektakularne sukcesy \u2013 tytu\u0142y <strong>wielokrotnego Mistrza Polski w ta\u0144cu towarzyskim<\/strong> to efekt lat pracy, pasji i nieustannego doskonalenia swojego warsztatu. Jego styl \u0142\u0105czy precyzj\u0119 techniczn\u0105 z wyrazisto\u015bci\u0105 sceniczn\u0105.<\/p>\n\n\n\n<p>Szerokiej publiczno\u015bci da\u0142 si\u0119 pozna\u0107 jako uczestnik programu <strong>\u201eTaniec z Gwiazdami\u201d<\/strong>, gdzie wyst\u0119powa\u0142 u boku takich osobowo\u015bci jak <strong>Patrycja Markowska<\/strong>, <strong>Agnieszka W\u0142odarczyk<\/strong> oraz <strong>Aleksandra Kwa\u015bniewska<\/strong>. Jego obecno\u015b\u0107 w programie ugruntowa\u0142a jego pozycj\u0119 jako jednego z najbardziej rozpoznawalnych i lubianych tancerzy w Polsce.<\/p>\n\n\n\n<p>Dzi\u015b Micha\u0142 Skawi\u0144ski z pasj\u0105 dzieli si\u0119 swoim do\u015bwiadczeniem, szkol\u0105c kolejne pokolenia tancerzy \u2013 od pocz\u0105tkuj\u0105cych po zawodowc\u00f3w. Jego podej\u015bcie do nauczania to po\u0142\u0105czenie dyscypliny, empatii i prawdziwej mi\u0142o\u015bci do ta\u0144ca.<\/p>\n\n\n\n<p><\/p>\n","protected":false},"excerpt":{"rendered":"<p>Micha\u0142 Skawi\u0144ski to uznany trener ta\u0144ca towarzyskiego z Wroc\u0142awia, wielokrotny Mistrz Polski i jedna z najbardziej rozpoznawalnych postaci polskiej sceny tanecznej. Od lat z sukcesem \u0142\u0105czy rol\u0119 szkoleniowca, s\u0119dziego oraz dzia\u0142acza, aktywnie wspieraj\u0105c rozw\u00f3j ta\u0144ca w Polsce. Jako s\u0119dzia Polskiego Towarzystwa Tanecznego (PTT), Prezes Zarz\u0105du Okr\u0119gu Dolno\u015bl\u0105skiego PTT oraz cz\u0142onek Zarz\u0105du G\u0142\u00f3wnego Polskiego Towarzystwa Tanecznego, [&hellip;]<\/p>\n","protected":false},"author":1,"featured_media":21218,"parent":0,"menu_order":0,"comment_status":"closed","ping_status":"closed","template":"","meta":[],"_links":{"self":[{"href":"https:\/\/skawinski.com\/index.php\/wp-json\/wp\/v2\/pages\/1896"}],"collection":[{"href":"https:\/\/skawinski.com\/index.php\/wp-json\/wp\/v2\/pages"}],"about":[{"href":"https:\/\/skawinski.com\/index.php\/wp-json\/wp\/v2\/types\/page"}],"author":[{"embeddable":true,"href":"https:\/\/skawinski.com\/index.php\/wp-json\/wp\/v2\/users\/1"}],"replies":[{"embeddable":true,"href":"https:\/\/skawinski.com\/index.php\/wp-json\/wp\/v2\/comments?post=1896"}],"version-history":[{"count":9,"href":"https:\/\/skawinski.com\/index.php\/wp-json\/wp\/v2\/pages\/1896\/revisions"}],"predecessor-version":[{"id":21225,"href":"https:\/\/skawinski.com\/index.php\/wp-json\/wp\/v2\/pages\/1896\/revisions\/21225"}],"wp:featuredmedia":[{"embeddable":true,"href":"https:\/\/skawinski.com\/index.php\/wp-json\/wp\/v2\/media\/21218"}],"wp:attachment":[{"href":"https:\/\/skawinski.com\/index.php\/wp-json\/wp\/v2\/media?parent=1896"}],"curies":[{"name":"wp","href":"https:\/\/api.w.org\/{rel}","templated":true}]}}