{"id":111,"date":"2019-07-14T12:03:27","date_gmt":"2019-07-14T10:03:27","guid":{"rendered":"http:\/\/serwer1319413.home.pl\/autoinstalator\/wordpressplugins\/?page_id=111"},"modified":"2025-07-12T18:59:46","modified_gmt":"2025-07-12T16:59:46","slug":"kontakt","status":"publish","type":"page","link":"https:\/\/skawinski.com\/index.php\/kontakt\/","title":{"rendered":"KONTAKT"},"content":{"rendered":"<p>Kontakt z nami.<br \/>\nMasz pytania? Chcesz si\u0119 zapisa\u0107 na zaj\u0119cia ? Prze\u015blij nam wiadomo\u015b\u0107.<\/p>\n<p>[skawinski_contact_form]<\/p>\n<p><strong>email<\/strong>:kontakt@skawinski.com.<br \/>\n<strong>tel<\/strong>.602 100 079<\/p>\n<p><strong>Skawinski Dance Studio<\/strong><br \/>\n<strong>zaj\u0119cia prowadzimy w r\u00f3\u017cnych miejscach Wroc\u0142awia.<\/strong><\/p>\n","protected":false},"excerpt":{"rendered":"<p>Kontakt z nami. Masz pytania? Chcesz si\u0119 zapisa\u0107 na zaj\u0119cia ? Prze\u015blij nam wiadomo\u015b\u0107. [skawinski_contact_form] email:kontakt@skawinski.com. tel.602 100 079 Skawinski Dance Studio zaj\u0119cia prowadzimy w r\u00f3\u017cnych miejscach Wroc\u0142awia.<\/p>\n","protected":false},"author":1,"featured_media":21218,"parent":0,"menu_order":0,"comment_status":"closed","ping_status":"closed","template":"templates\/contact-template.php","meta":[],"_links":{"self":[{"href":"https:\/\/skawinski.com\/index.php\/wp-json\/wp\/v2\/pages\/111"}],"collection":[{"href":"https:\/\/skawinski.com\/index.php\/wp-json\/wp\/v2\/pages"}],"about":[{"href":"https:\/\/skawinski.com\/index.php\/wp-json\/wp\/v2\/types\/page"}],"author":[{"embeddable":true,"href":"https:\/\/skawinski.com\/index.php\/wp-json\/wp\/v2\/users\/1"}],"replies":[{"embeddable":true,"href":"https:\/\/skawinski.com\/index.php\/wp-json\/wp\/v2\/comments?post=111"}],"version-history":[{"count":17,"href":"https:\/\/skawinski.com\/index.php\/wp-json\/wp\/v2\/pages\/111\/revisions"}],"predecessor-version":[{"id":3154,"href":"https:\/\/skawinski.com\/index.php\/wp-json\/wp\/v2\/pages\/111\/revisions\/3154"}],"wp:featuredmedia":[{"embeddable":true,"href":"https:\/\/skawinski.com\/index.php\/wp-json\/wp\/v2\/media\/21218"}],"wp:attachment":[{"href":"https:\/\/skawinski.com\/index.php\/wp-json\/wp\/v2\/media?parent=111"}],"curies":[{"name":"wp","href":"https:\/\/api.w.org\/{rel}","templated":true}]}}